{"id":430,"date":"2025-02-26T10:01:29","date_gmt":"2025-02-26T09:01:29","guid":{"rendered":"https:\/\/tchoukball-deutschland.de\/?page_id=430"},"modified":"2025-06-28T12:46:09","modified_gmt":"2025-06-28T10:46:09","slug":"dokumente","status":"publish","type":"page","link":"https:\/\/tchoukball-deutschland.de\/en\/dokumente\/","title":{"rendered":"Documents"},"content":{"rendered":"<div class=\"wp-block-cover alignfull\" style=\"min-height:55vh;aspect-ratio:unset;\"><img loading=\"lazy\" decoding=\"async\" width=\"1200\" height=\"671\" class=\"wp-block-cover__image-background wp-image-1021 size-full\" alt=\"Erweiteter Vorstand des Dachverband des deutschen Tchoukballs e.V.\" src=\"https:\/\/tchoukball-deutschland.de\/wp-content\/uploads\/2025\/06\/header_dokumente.jpg\" style=\"object-position:47% 68%\" data-object-fit=\"cover\" data-object-position=\"47% 68%\" srcset=\"https:\/\/tchoukball-deutschland.de\/wp-content\/uploads\/2025\/06\/header_dokumente.jpg 1200w, https:\/\/tchoukball-deutschland.de\/wp-content\/uploads\/2025\/06\/header_dokumente-300x168.jpg 300w, https:\/\/tchoukball-deutschland.de\/wp-content\/uploads\/2025\/06\/header_dokumente-1024x573.jpg 1024w, https:\/\/tchoukball-deutschland.de\/wp-content\/uploads\/2025\/06\/header_dokumente-768x429.jpg 768w\" sizes=\"auto, (max-width: 1200px) 100vw, 1200px\" \/><span aria-hidden=\"true\" class=\"wp-block-cover__background has-background-dim-30 has-background-dim\"><\/span><div class=\"wp-block-cover__inner-container is-layout-constrained wp-block-cover-is-layout-constrained\">\n<h1 class=\"wp-block-heading has-text-align-center has-nv-site-bg-color has-text-color has-link-color wp-elements-574a75260e9c9d23c0c7e7dc103d14fe\">Dokumente &amp; Downloads<\/h1>\n\n\n\n<p class=\"has-text-align-center has-nv-site-bg-color has-text-color has-link-color wp-elements-7c459e9b74932d2aa6472e6ebc42fe4f\" style=\"font-size:23px\">Antr\u00e4ge. Erkl\u00e4rungen. Satzung.<\/p>\n<\/div><\/div>\n\n\n\n<div style=\"height:20px\" aria-hidden=\"true\" class=\"wp-block-spacer\"><\/div>\n\n\n\n<p>Hier findest du alle wichtigen <strong>Dokumente rund um den Tchoukball-Sport in Deutschland<\/strong> \u2013 kompakt, aktuell und \u00fcbersichtlich. Ob <strong>Antr\u00e4ge, Satzungen, Ordnungen, Erkl\u00e4rungen oder Protokolle<\/strong>: Diese zentrale Sammlung unterst\u00fctzt dich bei allen formalen, organisatorischen und verbandlichen Fragen im Dachverband des Deutschen Tchoukballs (DDT).<\/p>\n\n\n\n<p>Nutze diese Seite, um dich \u00fcber die <strong>rechtlichen Grundlagen<\/strong>, <strong>Mitgliedschaftsprozesse<\/strong>, <strong>Wettkampfbestimmungen<\/strong> und weitere offizielle Inhalte zu informieren. Die Dokumente stehen dir als PDF zum <strong>Download<\/strong> zur Verf\u00fcgung.<\/p>\n\n\n\n<div style=\"height:23px\" aria-hidden=\"true\" class=\"wp-block-spacer\"><\/div>\n\n\n\n<div class=\"wp-block-columns is-layout-flex wp-container-core-columns-is-layout-9d6595d7 wp-block-columns-is-layout-flex\">\n<div class=\"wp-block-column is-layout-flow wp-block-column-is-layout-flow\">\n<h3 class=\"wp-block-heading has-text-align-center\">Aufnahmeantrag<\/h3>\n\n\n<div class=\"wp-block-image is-style-default\">\n<figure class=\"aligncenter size-large is-resized has-custom-border\"><a href=\"https:\/\/tchoukball-deutschland.de\/wp-content\/uploads\/2025\/03\/aufnahmeantrag_vereine_verbaende.pdf\" target=\"_blank\" rel=\" noreferrer noopener\"><img loading=\"lazy\" decoding=\"async\" width=\"1024\" height=\"950\" src=\"https:\/\/tchoukball-deutschland.de\/wp-content\/uploads\/2025\/03\/antrag_symbol-1024x950.jpg\" alt=\"\" class=\"wp-image-524\" style=\"border-style:none;border-width:0px;width:auto;height:150px\" srcset=\"https:\/\/tchoukball-deutschland.de\/wp-content\/uploads\/2025\/03\/antrag_symbol-1024x950.jpg 1024w, https:\/\/tchoukball-deutschland.de\/wp-content\/uploads\/2025\/03\/antrag_symbol-300x278.jpg 300w, https:\/\/tchoukball-deutschland.de\/wp-content\/uploads\/2025\/03\/antrag_symbol-768x712.jpg 768w, https:\/\/tchoukball-deutschland.de\/wp-content\/uploads\/2025\/03\/antrag_symbol-1536x1425.jpg 1536w, https:\/\/tchoukball-deutschland.de\/wp-content\/uploads\/2025\/03\/antrag_symbol-2048x1900.jpg 2048w\" sizes=\"auto, (max-width: 1024px) 100vw, 1024px\" \/><\/a><\/figure>\n<\/div>\n\n\n<div style=\"height:14px\" aria-hidden=\"true\" class=\"wp-block-spacer\"><\/div>\n\n\n\n<p>Dein Verein oder Verband m\u00f6chte Teil des DDT werden. Sehr gern!<br>Ladet Euch den Aufnahmeantrag herunter, f\u00fcllt ihn aus und sendet ihn an <a href=\"mailto:vorstand@tchoukball-deutschland.de\">vorstand(at)tchoukball-deutschland.de<\/a><\/p>\n\n\n\n<div style=\"height:10px\" aria-hidden=\"true\" class=\"wp-block-spacer\"><\/div>\n\n\n\n<div class=\"wp-block-buttons is-content-justification-center is-layout-flex wp-container-core-buttons-is-layout-16018d1d wp-block-buttons-is-layout-flex\">\n<div class=\"wp-block-button is-style-primary\"><a class=\"wp-block-button__link has-text-align-center wp-element-button\" href=\"https:\/\/tchoukball-deutschland.de\/wp-content\/uploads\/2025\/03\/aufnahmeantrag_vereine_verbaende.pdf\">Download<\/a><\/div>\n<\/div>\n<\/div>\n\n\n\n<div class=\"wp-block-column is-layout-flow wp-block-column-is-layout-flow\">\n<h3 class=\"wp-block-heading has-text-align-center\">Satzung des DDT<\/h3>\n\n\n<div class=\"wp-block-image\">\n<figure class=\"aligncenter size-full is-resized\"><a href=\"https:\/\/tchoukball-deutschland.de\/wp-content\/uploads\/2025\/02\/Satzung-des-DDT.pdf\" target=\"_blank\" rel=\" noreferrer noopener\"><img loading=\"lazy\" decoding=\"async\" width=\"184\" height=\"200\" src=\"https:\/\/tchoukball-deutschland.de\/wp-content\/uploads\/2025\/03\/Satzung_symbol.jpg\" alt=\"\" class=\"wp-image-522\" style=\"width:auto;height:150px\"\/><\/a><\/figure>\n<\/div>\n\n\n<div style=\"height:14px\" aria-hidden=\"true\" class=\"wp-block-spacer\"><\/div>\n\n\n\n<p>Hier findets Du die aktuelle Satzung des Dachverbandes des Deutschen Tchoukballs. Bei Fragen meldet Euch gern bei <a href=\"\/en\/vorstand@tchoukball-deutschland.de\/\" target=\"_blank\" rel=\"noreferrer noopener\">vorstand(at)tchoukball-deutschland.de<\/a>.<\/p>\n\n\n\n<div style=\"height:37px\" aria-hidden=\"true\" class=\"wp-block-spacer\"><\/div>\n\n\n\n<div class=\"wp-block-buttons is-content-justification-center is-layout-flex wp-container-core-buttons-is-layout-16018d1d wp-block-buttons-is-layout-flex\">\n<div class=\"wp-block-button is-style-primary\"><a class=\"wp-block-button__link has-text-align-center wp-element-button\" href=\"https:\/\/tchoukball-deutschland.de\/wp-content\/uploads\/2025\/02\/Satzung-des-DDT.pdf\">Download<\/a><\/div>\n<\/div>\n<\/div>\n\n\n\n<div class=\"wp-block-column is-layout-flow wp-block-column-is-layout-flow\">\n<h3 class=\"wp-block-heading has-text-align-center\">Beitragsordnung<\/h3>\n\n\n<div class=\"wp-block-image\">\n<figure class=\"aligncenter size-large is-resized\"><a href=\"https:\/\/tchoukball-deutschland.de\/wp-content\/uploads\/2025\/05\/beitragsordnung_DDT.pdf\" target=\"_blank\" rel=\" noreferrer noopener\"><img loading=\"lazy\" decoding=\"async\" width=\"1024\" height=\"1024\" src=\"https:\/\/tchoukball-deutschland.de\/wp-content\/uploads\/2025\/03\/document_symbol-1024x1024.jpg\" alt=\"\" class=\"wp-image-476\" style=\"width:auto;height:150px\" srcset=\"https:\/\/tchoukball-deutschland.de\/wp-content\/uploads\/2025\/03\/document_symbol-1024x1024.jpg 1024w, https:\/\/tchoukball-deutschland.de\/wp-content\/uploads\/2025\/03\/document_symbol-300x300.jpg 300w, https:\/\/tchoukball-deutschland.de\/wp-content\/uploads\/2025\/03\/document_symbol-150x150.jpg 150w, https:\/\/tchoukball-deutschland.de\/wp-content\/uploads\/2025\/03\/document_symbol-768x768.jpg 768w, https:\/\/tchoukball-deutschland.de\/wp-content\/uploads\/2025\/03\/document_symbol-1536x1536.jpg 1536w, https:\/\/tchoukball-deutschland.de\/wp-content\/uploads\/2025\/03\/document_symbol.jpg 1800w\" sizes=\"auto, (max-width: 1024px) 100vw, 1024px\" \/><\/a><\/figure>\n<\/div>\n\n\n<div style=\"height:12px\" aria-hidden=\"true\" class=\"wp-block-spacer\"><\/div>\n\n\n\n<p>Die aktuell g\u00fcltige Beitragsordnung findest Du hier. Bei Fragen melde Dich gern bei <a href=\"\/en\/vorstand@tchoukball-deutschland.de\/\" target=\"_blank\" rel=\"noreferrer noopener\">vorstand(at)tchoukball-deutschland.de<\/a>. <\/p>\n\n\n\n<div style=\"height:60px\" aria-hidden=\"true\" class=\"wp-block-spacer\"><\/div>\n\n\n\n<div class=\"wp-block-buttons is-content-justification-center is-layout-flex wp-container-core-buttons-is-layout-16018d1d wp-block-buttons-is-layout-flex\">\n<div class=\"wp-block-button is-style-primary\"><a class=\"wp-block-button__link has-text-align-center wp-element-button\" href=\"https:\/\/tchoukball-deutschland.de\/wp-content\/uploads\/2025\/05\/beitragsordnung_DDT.pdf\">Download<\/a><\/div>\n<\/div>\n<\/div>\n<\/div>\n\n\n\n<div style=\"height:48px\" aria-hidden=\"true\" class=\"wp-block-spacer\"><\/div>\n\n\n\n<p><\/p>","protected":false},"excerpt":{"rendered":"<p>Hier findest du alle wichtigen Dokumente rund um den Tchoukball-Sport in Deutschland \u2013 kompakt, aktuell und \u00fcbersichtlich. Ob Antr\u00e4ge, Satzungen, Ordnungen, Erkl\u00e4rungen oder Protokolle: Diese zentrale Sammlung unterst\u00fctzt dich bei&hellip;&nbsp;<\/p>\n<div class=\"read-more-wrapper\"><a href=\"https:\/\/tchoukball-deutschland.de\/en\/dokumente\/\" class=\"button button-primary\" rel=\"bookmark\">Mehr lesen &gt;<span class=\"screen-reader-text\">Documents<\/span><\/a><\/div>","protected":false},"author":1,"featured_media":0,"parent":0,"menu_order":0,"comment_status":"closed","ping_status":"closed","template":"","meta":{"neve_meta_sidebar":"","neve_meta_container":"full-width","neve_meta_enable_content_width":"on","neve_meta_content_width":90,"neve_meta_title_alignment":"","neve_meta_author_avatar":"","neve_post_elements_order":"","neve_meta_disable_header":"","neve_meta_disable_footer":"","neve_meta_disable_title":"","neve_meta_reading_time":"","ngg_post_thumbnail":0,"footnotes":""},"class_list":["post-430","page","type-page","status-publish","hentry"],"yoast_head":"<!-- This site is optimized with the Yoast SEO plugin v27.4 - https:\/\/yoast.com\/product\/yoast-seo-wordpress\/ -->\n<title>Dokumente - Dachverband des Deutschen Tchoukballs<\/title>\n<meta name=\"description\" content=\"Wichtige Dokumente von Tchoukball Deutschland \u2013 Satzung, Antr\u00e4ge &amp; Formulare zum Download f\u00fcr Mitglieder, Vereine und Interessierte.\" \/>\n<meta name=\"robots\" content=\"index, follow, max-snippet:-1, max-image-preview:large, max-video-preview:-1\" \/>\n<link rel=\"canonical\" href=\"https:\/\/tchoukball-deutschland.de\/en\/dokumente\/\" \/>\n<meta property=\"og:locale\" content=\"en_GB\" \/>\n<meta property=\"og:type\" content=\"article\" \/>\n<meta property=\"og:title\" content=\"Dokumente - Dachverband des Deutschen Tchoukballs\" \/>\n<meta property=\"og:description\" content=\"Wichtige Dokumente von Tchoukball Deutschland \u2013 Satzung, Antr\u00e4ge &amp; Formulare zum Download f\u00fcr Mitglieder, Vereine und Interessierte.\" \/>\n<meta property=\"og:url\" content=\"https:\/\/tchoukball-deutschland.de\/en\/dokumente\/\" \/>\n<meta property=\"og:site_name\" content=\"Dachverband des Deutschen Tchoukballs\" \/>\n<meta property=\"article:modified_time\" content=\"2025-06-28T10:46:09+00:00\" \/>\n<meta property=\"og:image\" content=\"https:\/\/tchoukball-deutschland.de\/wp-content\/uploads\/2025\/06\/header_dokumente.jpg\" \/>\n\t<meta property=\"og:image:width\" content=\"1200\" \/>\n\t<meta property=\"og:image:height\" content=\"671\" \/>\n\t<meta property=\"og:image:type\" content=\"image\/jpeg\" \/>\n<meta name=\"twitter:card\" content=\"summary_large_image\" \/>\n<meta name=\"twitter:label1\" content=\"Estimated reading time\" \/>\n\t<meta name=\"twitter:data1\" content=\"2 minutes\" \/>\n<script type=\"application\/ld+json\" class=\"yoast-schema-graph\">{\"@context\":\"https:\\\/\\\/schema.org\",\"@graph\":[{\"@type\":\"WebPage\",\"@id\":\"https:\\\/\\\/tchoukball-deutschland.de\\\/dokumente\\\/\",\"url\":\"https:\\\/\\\/tchoukball-deutschland.de\\\/dokumente\\\/\",\"name\":\"Dokumente - Dachverband des Deutschen Tchoukballs\",\"isPartOf\":{\"@id\":\"https:\\\/\\\/tchoukball-deutschland.de\\\/#website\"},\"primaryImageOfPage\":{\"@id\":\"https:\\\/\\\/tchoukball-deutschland.de\\\/dokumente\\\/#primaryimage\"},\"image\":{\"@id\":\"https:\\\/\\\/tchoukball-deutschland.de\\\/dokumente\\\/#primaryimage\"},\"thumbnailUrl\":\"https:\\\/\\\/tchoukball-deutschland.de\\\/wp-content\\\/uploads\\\/2025\\\/06\\\/header_dokumente.jpg\",\"datePublished\":\"2025-02-26T09:01:29+00:00\",\"dateModified\":\"2025-06-28T10:46:09+00:00\",\"description\":\"Wichtige Dokumente von Tchoukball Deutschland \u2013 Satzung, Antr\u00e4ge & Formulare zum Download f\u00fcr Mitglieder, Vereine und Interessierte.\",\"breadcrumb\":{\"@id\":\"https:\\\/\\\/tchoukball-deutschland.de\\\/dokumente\\\/#breadcrumb\"},\"inLanguage\":\"en-GB\",\"potentialAction\":[{\"@type\":\"ReadAction\",\"target\":[\"https:\\\/\\\/tchoukball-deutschland.de\\\/dokumente\\\/\"]}]},{\"@type\":\"ImageObject\",\"inLanguage\":\"en-GB\",\"@id\":\"https:\\\/\\\/tchoukball-deutschland.de\\\/dokumente\\\/#primaryimage\",\"url\":\"https:\\\/\\\/tchoukball-deutschland.de\\\/wp-content\\\/uploads\\\/2025\\\/06\\\/header_dokumente.jpg\",\"contentUrl\":\"https:\\\/\\\/tchoukball-deutschland.de\\\/wp-content\\\/uploads\\\/2025\\\/06\\\/header_dokumente.jpg\"},{\"@type\":\"BreadcrumbList\",\"@id\":\"https:\\\/\\\/tchoukball-deutschland.de\\\/dokumente\\\/#breadcrumb\",\"itemListElement\":[{\"@type\":\"ListItem\",\"position\":1,\"name\":\"Startseite\",\"item\":\"https:\\\/\\\/tchoukball-deutschland.de\\\/\"},{\"@type\":\"ListItem\",\"position\":2,\"name\":\"Dokumente\"}]},{\"@type\":\"WebSite\",\"@id\":\"https:\\\/\\\/tchoukball-deutschland.de\\\/#website\",\"url\":\"https:\\\/\\\/tchoukball-deutschland.de\\\/\",\"name\":\"Dachverband des Deutschen Tchoukballs\",\"description\":\"Dachverband des Deutschen Tchoukballs e.V.\",\"potentialAction\":[{\"@type\":\"SearchAction\",\"target\":{\"@type\":\"EntryPoint\",\"urlTemplate\":\"https:\\\/\\\/tchoukball-deutschland.de\\\/?s={search_term_string}\"},\"query-input\":{\"@type\":\"PropertyValueSpecification\",\"valueRequired\":true,\"valueName\":\"search_term_string\"}}],\"inLanguage\":\"en-GB\"}]}<\/script>\n<!-- \/ Yoast SEO plugin. -->","yoast_head_json":{"title":"Dokumente - Dachverband des Deutschen Tchoukballs","description":"Wichtige Dokumente von Tchoukball Deutschland \u2013 Satzung, Antr\u00e4ge & Formulare zum Download f\u00fcr Mitglieder, Vereine und Interessierte.","robots":{"index":"index","follow":"follow","max-snippet":"max-snippet:-1","max-image-preview":"max-image-preview:large","max-video-preview":"max-video-preview:-1"},"canonical":"https:\/\/tchoukball-deutschland.de\/en\/dokumente\/","og_locale":"en_GB","og_type":"article","og_title":"Dokumente - Dachverband des Deutschen Tchoukballs","og_description":"Wichtige Dokumente von Tchoukball Deutschland \u2013 Satzung, Antr\u00e4ge & Formulare zum Download f\u00fcr Mitglieder, Vereine und Interessierte.","og_url":"https:\/\/tchoukball-deutschland.de\/en\/dokumente\/","og_site_name":"Dachverband des Deutschen Tchoukballs","article_modified_time":"2025-06-28T10:46:09+00:00","og_image":[{"width":1200,"height":671,"url":"https:\/\/tchoukball-deutschland.de\/wp-content\/uploads\/2025\/06\/header_dokumente.jpg","type":"image\/jpeg"}],"twitter_card":"summary_large_image","twitter_misc":{"Estimated reading time":"2 minutes"},"schema":{"@context":"https:\/\/schema.org","@graph":[{"@type":"WebPage","@id":"https:\/\/tchoukball-deutschland.de\/dokumente\/","url":"https:\/\/tchoukball-deutschland.de\/dokumente\/","name":"Dokumente - Dachverband des Deutschen Tchoukballs","isPartOf":{"@id":"https:\/\/tchoukball-deutschland.de\/#website"},"primaryImageOfPage":{"@id":"https:\/\/tchoukball-deutschland.de\/dokumente\/#primaryimage"},"image":{"@id":"https:\/\/tchoukball-deutschland.de\/dokumente\/#primaryimage"},"thumbnailUrl":"https:\/\/tchoukball-deutschland.de\/wp-content\/uploads\/2025\/06\/header_dokumente.jpg","datePublished":"2025-02-26T09:01:29+00:00","dateModified":"2025-06-28T10:46:09+00:00","description":"Wichtige Dokumente von Tchoukball Deutschland \u2013 Satzung, Antr\u00e4ge & Formulare zum Download f\u00fcr Mitglieder, Vereine und Interessierte.","breadcrumb":{"@id":"https:\/\/tchoukball-deutschland.de\/dokumente\/#breadcrumb"},"inLanguage":"en-GB","potentialAction":[{"@type":"ReadAction","target":["https:\/\/tchoukball-deutschland.de\/dokumente\/"]}]},{"@type":"ImageObject","inLanguage":"en-GB","@id":"https:\/\/tchoukball-deutschland.de\/dokumente\/#primaryimage","url":"https:\/\/tchoukball-deutschland.de\/wp-content\/uploads\/2025\/06\/header_dokumente.jpg","contentUrl":"https:\/\/tchoukball-deutschland.de\/wp-content\/uploads\/2025\/06\/header_dokumente.jpg"},{"@type":"BreadcrumbList","@id":"https:\/\/tchoukball-deutschland.de\/dokumente\/#breadcrumb","itemListElement":[{"@type":"ListItem","position":1,"name":"Startseite","item":"https:\/\/tchoukball-deutschland.de\/"},{"@type":"ListItem","position":2,"name":"Dokumente"}]},{"@type":"WebSite","@id":"https:\/\/tchoukball-deutschland.de\/#website","url":"https:\/\/tchoukball-deutschland.de\/","name":"Dachverband des Deutschen Tchoukballs","description":"National Federation of German Tchoukball","potentialAction":[{"@type":"SearchAction","target":{"@type":"EntryPoint","urlTemplate":"https:\/\/tchoukball-deutschland.de\/?s={search_term_string}"},"query-input":{"@type":"PropertyValueSpecification","valueRequired":true,"valueName":"search_term_string"}}],"inLanguage":"en-GB"}]}},"_links":{"self":[{"href":"https:\/\/tchoukball-deutschland.de\/en\/wp-json\/wp\/v2\/pages\/430","targetHints":{"allow":["GET"]}}],"collection":[{"href":"https:\/\/tchoukball-deutschland.de\/en\/wp-json\/wp\/v2\/pages"}],"about":[{"href":"https:\/\/tchoukball-deutschland.de\/en\/wp-json\/wp\/v2\/types\/page"}],"author":[{"embeddable":true,"href":"https:\/\/tchoukball-deutschland.de\/en\/wp-json\/wp\/v2\/users\/1"}],"replies":[{"embeddable":true,"href":"https:\/\/tchoukball-deutschland.de\/en\/wp-json\/wp\/v2\/comments?post=430"}],"version-history":[{"count":56,"href":"https:\/\/tchoukball-deutschland.de\/en\/wp-json\/wp\/v2\/pages\/430\/revisions"}],"predecessor-version":[{"id":1260,"href":"https:\/\/tchoukball-deutschland.de\/en\/wp-json\/wp\/v2\/pages\/430\/revisions\/1260"}],"wp:attachment":[{"href":"https:\/\/tchoukball-deutschland.de\/en\/wp-json\/wp\/v2\/media?parent=430"}],"curies":[{"name":"wp","href":"https:\/\/api.w.org\/{rel}","templated":true}]}}